{"id":8,"date":"2025-06-28T16:22:57","date_gmt":"2025-06-28T16:22:57","guid":{"rendered":"https:\/\/tulie.vn\/?page_id=8"},"modified":"2025-07-02T11:05:06","modified_gmt":"2025-07-02T11:05:06","slug":"home","status":"publish","type":"page","link":"https:\/\/tulie.vn\/","title":{"rendered":"Home"},"content":{"rendered":"\n\n\n<section class=\"hero-tulie\">\n  <div class=\"hero-content\">\n    <p class=\"intro-text\">Tulie Agency \u2013 \u0110\u1ed1i t\u00e1c thi\u1ebft k\u1ebf &#038; marketing s\u00e1ng t\u1ea1o cho Startup &#038; SMEs<\/p>\n\n   <div class=\"hero-heading-wrapper\">\n  <div class=\"hero-heading-inner\">\n    <h1 class=\"hero-heading\">\n      <span class=\"hero-word\">Shape<span class=\"dot\">.<\/span><\/span><br>\n      <span class=\"hero-word\">Create<span class=\"dot\">.<\/span><\/span><br>\n      <span class=\"hero-word\">Elevate<span class=\"dot\">.<\/span><\/span>\n    <\/h1>\n  <\/div>\n<\/div>\n\n    <p class=\"slogan-text\">T\u1eeb \u00dd T\u01b0\u1edfng \u0110\u1ebfn S\u1ea3n Ph\u1ea9m \u2013 Ch\u1ea1m \u0110\u00fang Kh\u00e1ch H\u00e0ng, \u0110\u00fang Th\u1eddi \u0110i\u1ec3m<\/p>\n    <div class=\"cta-buttons\">\n      <a href=\"#contact\" class=\"primary\">Li\u00ean h\u1ec7 ngay<\/a>\n      <a href=\"#services\" class=\"secondary\">Xem d\u1ecbch v\u1ee5<\/a>\n    <\/div>\n  <\/div>\n<\/section>\n\n\t<div id=\"gap-2121796185\" class=\"gap-element clearfix\" style=\"display:block; height:auto;\">\n\t\t\n<style>\n#gap-2121796185 {\n  padding-top: 50px;\n}\n<\/style>\n\t<\/div>\n\t\n\n\n\n<div class=\"marquee-container showcase-marquee\">\n  <div class=\"marquee-content marquee-left-2\">\n    <img decoding=\"async\" src=\"https:\/\/tulie.vn\/wp-content\/uploads\/2025\/06\/2Artboard-2-copy-9@2048x-100.jpg\" alt=\"\">\n    <img decoding=\"async\" src=\"https:\/\/tulie.vn\/wp-content\/uploads\/2025\/06\/2Artboard-2-copy-12@2048x-100.jpg\" alt=\"\">\n    <img decoding=\"async\" src=\"https:\/\/tulie.vn\/wp-content\/uploads\/2025\/06\/2Artboard-2-copy-13@2048x-100.jpg\" alt=\"\">\n    <img decoding=\"async\" src=\"https:\/\/tulie.vn\/wp-content\/uploads\/2025\/06\/2Artboard-2-copy-14@2048x-100.jpg\" alt=\"\">\n    <!-- Nh\u00e2n \u0111\u00f4i \u0111\u1ec3 n\u1ed1i m\u1ea1ch -->\n    <img decoding=\"async\" src=\"https:\/\/tulie.vn\/wp-content\/uploads\/2025\/06\/2Artboard-2-copy-9@2048x-100.jpg\" alt=\"\">\n    <img decoding=\"async\" src=\"https:\/\/tulie.vn\/wp-content\/uploads\/2025\/06\/2Artboard-2-copy-12@2048x-100.jpg\" alt=\"\">\n    <img decoding=\"async\" src=\"https:\/\/tulie.vn\/wp-content\/uploads\/2025\/06\/2Artboard-2-copy-13@2048x-100.jpg\" alt=\"\">\n    <img decoding=\"async\" src=\"https:\/\/tulie.vn\/wp-content\/uploads\/2025\/06\/2Artboard-2-copy-14@2048x-100.jpg\" alt=\"\">\n  <\/div>\n<\/div>\n\n<style>\n.marquee-container {\n  width: 100%;\n  overflow: hidden;\n  background: transparent;\n}\n.marquee-content {\n  display: flex;\n  width: max-content;\n}\n.showcase-marquee img {\n  height: 400px;\n  margin: 0 20px;\n}\n.marquee-left-2 {\n  animation: marqueeLeft 15s linear infinite!important;\n}\n@keyframes marqueeLeft {\n  from { transform: translateX(0); }\n  to { transform: translateX(-50%); }\n}\n<\/style>\n\n\t<div id=\"gap-739222218\" class=\"gap-element clearfix\" style=\"display:block; height:auto;\">\n\t\t\n<style>\n#gap-739222218 {\n  padding-top: 70px;\n}\n<\/style>\n\t<\/div>\n\t\n\n\n\t<section class=\"section\" id=\"section_1410657089\">\n\t\t<div class=\"section-bg fill\" >\n\t\t\t\t\t\t\t\t\t\n\t\t\t\n\n\t\t<\/div>\n\n\t\t\n\n\t\t<div class=\"section-content relative\">\n\t\t\t\n\n<div class=\"row\"  id=\"row-1121751745\">\n\n\n\t<div id=\"col-208685735\" class=\"col medium-6 small-12 large-6\"  >\n\t\t\t\t<div class=\"col-inner\"  >\n\t\t\t\n\t\t\t\n\n\n\n<div class=\"service-title\">\n  <h2>Branding &#038; Strategy<\/h2>\n<\/div>\n\n\n\t\t<\/div>\n\t\t\t\t\t<\/div>\n\n\t\n\n\t<div id=\"col-182802640\" class=\"col medium-6 small-12 large-6\"  >\n\t\t\t\t<div class=\"col-inner\"  >\n\t\t\t\n\t\t\t\n\n\n\n<div class=\"service-content\">\n  <ul>\n    <li><a href=\"#\">T\u01b0 v\u1ea5n th\u01b0\u01a1ng hi\u1ec7u<\/a><\/li>\n    <li><a href=\"#\">Logo Design<\/a><\/li>\n    <li><a href=\"#\">B\u1ed9 nh\u1eadn di\u1ec7n th\u01b0\u01a1ng hi\u1ec7u<\/a><\/li>\n  <\/ul>\n  <ul>\n    <li><a href=\"#\">Branding Audit<\/a><\/li>\n    <li><a href=\"#\">Brand Identity<\/a><\/li>\n  <\/ul>\n<\/div>\n\n\n\t\t<\/div>\n\t\t\t\t\t<\/div>\n\n\t\n\n<\/div>\n<div class=\"row\"  id=\"row-287790483\">\n\n\n\t<div id=\"col-1845720950\" class=\"col small-12 large-12\"  >\n\t\t\t\t<div class=\"col-inner\"  >\n\t\t\t\n\t\t\t\n\n<div class=\"is-divider divider clearfix\" style=\"max-width:100%;height:1px;background-color:rgb(221, 221, 221);\"><\/div>\n\n\n\t\t<\/div>\n\t\t\t\t\t<\/div>\n\n\t\n\n<\/div>\n<div class=\"row\"  id=\"row-1444646533\">\n\n\n\t<div id=\"col-941555254\" class=\"col medium-6 small-12 large-6\"  >\n\t\t\t\t<div class=\"col-inner\"  >\n\t\t\t\n\t\t\t\n\n\n\n<div class=\"service-title\">\n  <h2>Creative Production<\/h2>\n<\/div>\n\n\n\t\t<\/div>\n\t\t\t\t\t<\/div>\n\n\t\n\n\t<div id=\"col-1231266307\" class=\"col medium-6 small-12 large-6\"  >\n\t\t\t\t<div class=\"col-inner\"  >\n\t\t\t\n\t\t\t\n\n\n\n<div class=\"service-content\">\n  <ul>\n    <li><a href=\"#\">Ch\u1ee5p \u1ea3nh s\u1ea3n ph\u1ea9m<\/a><\/li>\n    <li><a href=\"#\">Quay d\u1ef1ng video qu\u1ea3ng c\u00e1o<\/a><\/li>\n    <li><a href=\"#\">Ch\u1ec9nh s\u1eeda, gh\u00e9p \u1ea3nh h\u1eadu k\u1ef3<\/a><\/li>\n  <\/ul>\n  <ul>\n    <li><a href=\"#\">Social Media Graphics<\/a><\/li>\n    <li><a href=\"#\">Video &#038; Motion Graphics<\/a><\/li>\n    <li><a href=\"#\">UI\/UX Website Design<\/a><\/li>\n  <\/ul>\n<\/div>\n\n\n\t\t<\/div>\n\t\t\t\t\t<\/div>\n\n\t\n\n<\/div>\n<div class=\"row\"  id=\"row-479232001\">\n\n\n\t<div id=\"col-671078305\" class=\"col small-12 large-12\"  >\n\t\t\t\t<div class=\"col-inner\"  >\n\t\t\t\n\t\t\t\n\n<div class=\"is-divider divider clearfix\" style=\"max-width:100%;height:1px;background-color:rgb(221, 221, 221);\"><\/div>\n\n\n\t\t<\/div>\n\t\t\t\t\t<\/div>\n\n\t\n\n<\/div>\n<div class=\"row\"  id=\"row-396137088\">\n\n\n\t<div id=\"col-474553409\" class=\"col medium-6 small-12 large-6\"  >\n\t\t\t\t<div class=\"col-inner\"  >\n\t\t\t\n\t\t\t\n\n\n\n<div class=\"service-title\">\n  <h2>Website &#038; Digital Content<\/h2>\n<\/div>\n\n\n\t\t<\/div>\n\t\t\t\t\t<\/div>\n\n\t\n\n\t<div id=\"col-1176239521\" class=\"col medium-6 small-12 large-6\"  >\n\t\t\t\t<div class=\"col-inner\"  >\n\t\t\t\n\t\t\t\n\n\n\n<div class=\"service-content\">\n  <ul>\n    <li><a href=\"#\">Website doanh nghi\u1ec7p<\/a><\/li>\n    <li><a href=\"#\">Website portfolio\/CV c\u00e1 nh\u00e2n<\/a><\/li>\n    <li><a href=\"#\">Website Builder<\/a><\/li>\n  <\/ul>\n  <ul>\n    <li><a href=\"#\">Landing Page<\/a><\/li>\n    <li><a href=\"#\">Content Marketing<\/a><\/li>\n  <\/ul>\n<\/div>\n\n\n\t\t<\/div>\n\t\t\t\t\t<\/div>\n\n\t\n\n<\/div>\n<div class=\"row\"  id=\"row-1084510166\">\n\n\n\t<div id=\"col-1250740069\" class=\"col small-12 large-12\"  >\n\t\t\t\t<div class=\"col-inner\"  >\n\t\t\t\n\t\t\t\n\n<div class=\"is-divider divider clearfix\" style=\"max-width:100%;height:1px;background-color:rgb(221, 221, 221);\"><\/div>\n\n\n\t\t<\/div>\n\t\t\t\t\t<\/div>\n\n\t\n\n<\/div>\n<div class=\"row\"  id=\"row-335100959\">\n\n\n\t<div id=\"col-1732577876\" class=\"col medium-6 small-12 large-6\"  >\n\t\t\t\t<div class=\"col-inner\"  >\n\t\t\t\n\t\t\t\n\n\n\n<div class=\"service-title\">\n  <h2>Digital Marketing<\/h2>\n<\/div>\n\n\n\t\t<\/div>\n\t\t\t\t\t<\/div>\n\n\t\n\n\t<div id=\"col-1935281714\" class=\"col medium-6 small-12 large-6\"  >\n\t\t\t\t<div class=\"col-inner\"  >\n\t\t\t\n\t\t\t\n\n\n\n<div class=\"service-content\">\n  <ul>\n    <li><a href=\"#\">Facebook Ads<\/a><\/li>\n    <li><a href=\"#\">Google Ads<\/a><\/li>\n    <li><a href=\"#\">SEO Website<\/a><\/li>\n  <\/ul>\n  <ul>\n    <li><a href=\"#\">Social Media Management<\/a><\/li>\n  <\/ul>\n<\/div>\n\n\n\t\t<\/div>\n\t\t\t\t\t<\/div>\n\n\t\n\n<\/div>\n\n\t\t<\/div>\n\n\t\t\n<style>\n#section_1410657089 {\n  padding-top: 30px;\n  padding-bottom: 30px;\n}\n<\/style>\n\t<\/section>\n\t\n\n\t<section class=\"section\" id=\"section_265047598\">\n\t\t<div class=\"section-bg fill\" >\n\t\t\t\t\t\t\t\t\t\n\t\t\t\n\n\t\t<\/div>\n\n\t\t\n\n\t\t<div class=\"section-content relative\">\n\t\t\t\n\n<div class=\"row\"  id=\"row-2052765999\">\n\n\n\t<div id=\"col-307982565\" class=\"col small-12 large-12\"  >\n\t\t\t\t<div class=\"col-inner\"  >\n\t\t\t\n\t\t\t\n\n\t<div id=\"gap-1770411491\" class=\"gap-element clearfix\" style=\"display:block; height:auto;\">\n\t\t\n<style>\n#gap-1770411491 {\n  padding-top: 50px;\n}\n<\/style>\n\t<\/div>\n\t\n\n<h2 class=\"p1\" style=\"text-align: left;\"><span style=\"color: #ffffff; font-size: 180%;\">T\u1ea1i Tulie Agency, ch\u00fang t\u00f4i tin v\u00e0o s\u1ee9c m\u1ea1nh c\u1ee7a s\u1ef1 s\u00e1ng t\u1ea1o v\u01b0\u1ee3t chu\u1ea9n. Ch\u00fang t\u00f4i kh\u00f4ng ch\u1ec9 thi\u1ebft k\u1ebf, m\u00e0 c\u00f2n \u0111\u1ecbnh h\u00ecnh b\u1ea3n s\u1eafc th\u01b0\u01a1ng hi\u1ec7u \u0111\u1ec3 b\u1ea1n n\u1ed5i b\u1eadt.<\/span><\/h2>\n\t<div id=\"gap-1807147211\" class=\"gap-element clearfix\" style=\"display:block; height:auto;\">\n\t\t\n<style>\n#gap-1807147211 {\n  padding-top: 20px;\n}\n<\/style>\n\t<\/div>\n\t\n\n<div class=\"is-divider divider clearfix\" style=\"max-width:100%;height:2px;background-color:rgb(202, 235, 3);\"><\/div>\n\n\t<div id=\"gap-868604975\" class=\"gap-element clearfix\" style=\"display:block; height:auto;\">\n\t\t\n<style>\n#gap-868604975 {\n  padding-top: 20px;\n}\n<\/style>\n\t<\/div>\n\t\n\n\t<div id=\"text-1884875671\" class=\"text\">\n\t\t\n\n<h2><span style=\"color: #ffffff; font-size: 140%;\">Con s\u1ed1 n\u00f3i v\u1ec1 Tulie Agency<\/span><\/h2>\n\t\t\n<style>\n#text-1884875671 {\n  text-align: center;\n}\n<\/style>\n\t<\/div>\n\t\n\t<div id=\"gap-1392324665\" class=\"gap-element clearfix\" style=\"display:block; height:auto;\">\n\t\t\n<style>\n#gap-1392324665 {\n  padding-top: 30px;\n}\n<\/style>\n\t<\/div>\n\t\n\n\n\n<div class=\"counter-container\">\n  <div class=\"counter-box\">\n    <div class=\"counter-number\" data-target=\"5\">0<\/div>\n    <div class=\"counter-label\">N\u0103m \u0111\u1ed3ng h\u00e0nh<\/div>\n  <\/div>\n\n  <div class=\"counter-box\">\n    <div class=\"counter-number\" data-target=\"280\">0<\/div>\n    <div class=\"counter-label\">D\u1ef1 \u00e1n \u0111\u00e3 tri\u1ec3n khai<\/div>\n  <\/div>\n\n  <div class=\"counter-box\">\n    <div class=\"counter-number\" data-target=\"500\">0<\/div>\n    <div class=\"counter-label\">S\u1ea3n ph\u1ea9m \u0111\u00e3 t\u1ea1o ra<\/div>\n  <\/div>\n\n  <div class=\"counter-box\">\n    <div class=\"counter-number\" data-target=\"100\">0<\/div>\n    <div class=\"counter-label\">Kh\u00e1ch h\u00e0ng h\u00e0i l\u00f2ng<\/div>\n  <\/div>\n<\/div>\n\n\n\t\t<\/div>\n\t\t\t\t\t<\/div>\n\n\t\n\n<\/div>\n\n\t\t<\/div>\n\n\t\t\n<style>\n#section_265047598 {\n  padding-top: 30px;\n  padding-bottom: 30px;\n  background-color: #000066;\n}\n<\/style>\n\t<\/section>\n\t\n\n\t<section class=\"section\" id=\"section_982272819\">\n\t\t<div class=\"section-bg fill\" >\n\t\t\t\t\t\t\t\t\t\n\t\t\t\n\n\t\t<\/div>\n\n\t\t\n\n\t\t<div class=\"section-content relative\">\n\t\t\t\n\n\t<div id=\"gap-35104698\" class=\"gap-element clearfix\" style=\"display:block; height:auto;\">\n\t\t\n<style>\n#gap-35104698 {\n  padding-top: 70px;\n}\n<\/style>\n\t<\/div>\n\t\n\n\t<div id=\"text-3277708846\" class=\"text\">\n\t\t\n\n<h2><span style=\"font-size: 170%; color: #000066;\"><span style=\"color: #c9eb03;\"><span style=\"color: #000066;\">\u0110\u1ed1i t\u00e1c<\/span> &amp; <\/span>kh\u00e1ch h\u00e0ng c\u1ee7a Tulie Agency<\/span><\/h2>\n\t\t\n<style>\n#text-3277708846 {\n  text-align: center;\n}\n<\/style>\n\t<\/div>\n\t\n\t<div id=\"gap-872386331\" class=\"gap-element clearfix\" style=\"display:block; height:auto;\">\n\t\t\n<style>\n#gap-872386331 {\n  padding-top: 50px;\n}\n<\/style>\n\t<\/div>\n\t\n\n\n\n<!-- Logo ch\u1ea1y xu\u00f4i (tr\u00e1i) -->\n<div class=\"marquee-container partner-marquee\">\n  <div class=\"marquee-content marquee-left\">\n    <img decoding=\"async\" src=\"https:\/\/upload.wikimedia.org\/wikipedia\/commons\/0\/08\/Bi%E1%BB%83u_tr%C6%B0ng_Trung_t%C3%A2m_V%C5%A9_tr%E1%BB%A5_Vi%E1%BB%87t_Nam.png\" alt=\"VNSC\">\n    <img decoding=\"async\" src=\"https:\/\/vast.gov.vn\/documents\/20182\/0\/Logo+VHL\/3bf67b6a-e046-4c97-a694-1d0ed6137803\" alt=\"VAST\">\n    <img decoding=\"async\" src=\"https:\/\/encrypted-tbn0.gstatic.com\/images?q=tbn:ANd9GcSLJvhGdfzEudI_MxEF87pRBOaC5ipYtHrg8-NzgbpmokUtWcmoG3Ihr-eebqszFJONbe4&#038;usqp=CAU\" alt=\"AES\">\n    <img decoding=\"async\" src=\"https:\/\/tulie.vn\/wp-content\/uploads\/2025\/07\/logo-TH-Dap-Cau.png\" alt=\"TH Dap Cau\">\n    <img decoding=\"async\" src=\"https:\/\/upload.wikimedia.org\/wikipedia\/commons\/2\/25\/Logo_MB_new.png\" alt=\"MB\">\n    <img decoding=\"async\" src=\"https:\/\/vpphongha.com.vn\/wp-content\/uploads\/2021\/10\/6.10.9.png\" alt=\"Hong Ha\">\n    <img decoding=\"async\" src=\"https:\/\/tulie.vn\/wp-content\/uploads\/2025\/07\/soju.png\" alt=\"Soju\">\n    <img decoding=\"async\" src=\"https:\/\/sfsv.com.vn\/wp-content\/uploads\/2022\/02\/SFSV-Logo-e1645857716811.jpg\" alt=\"SFSV\">\n    <img decoding=\"async\" src=\"https:\/\/tulie.vn\/wp-content\/uploads\/2025\/07\/ADDJ-logo.png\" alt=\"ADDJ\">\n\n    <!-- Nh\u00e2n \u0111\u00f4i \u0111\u1ec3 n\u1ed1i m\u1ea1ch -->\n    <img decoding=\"async\" src=\"https:\/\/upload.wikimedia.org\/wikipedia\/commons\/0\/08\/Bi%E1%BB%83u_tr%C6%B0ng_Trung_t%C3%A2m_V%C5%A9_tr%E1%BB%A5_Vi%E1%BB%87t_Nam.png\" alt=\"VNSC duplicate\">\n    <img decoding=\"async\" src=\"https:\/\/vast.gov.vn\/documents\/20182\/0\/Logo+VHL\/3bf67b6a-e046-4c97-a694-1d0ed6137803\" alt=\"VAST duplicate\">\n    <img decoding=\"async\" src=\"https:\/\/encrypted-tbn0.gstatic.com\/images?q=tbn:ANd9GcSLJvhGdfzEudI_MxEF87pRBOaC5ipYtHrg8-NzgbpmokUtWcmoG3Ihr-eebqszFJONbe4&#038;usqp=CAU\" alt=\"AES duplicate\">\n    <img decoding=\"async\" src=\"https:\/\/tulie.vn\/wp-content\/uploads\/2025\/07\/logo-TH-Dap-Cau.png\" alt=\"TH Dap Cau duplicate\">\n    <img decoding=\"async\" src=\"https:\/\/upload.wikimedia.org\/wikipedia\/commons\/2\/25\/Logo_MB_new.png\" alt=\"MB duplicate\">\n    <img decoding=\"async\" src=\"https:\/\/vpphongha.com.vn\/wp-content\/uploads\/2021\/10\/6.10.9.png\" alt=\"Hong Ha duplicate\">\n    <img decoding=\"async\" src=\"https:\/\/tulie.vn\/wp-content\/uploads\/2025\/07\/soju.png\" alt=\"Soju duplicate\">\n    <img decoding=\"async\" src=\"https:\/\/sfsv.com.vn\/wp-content\/uploads\/2022\/02\/SFSV-Logo-e1645857716811.jpg\" alt=\"SFSV duplicate\">\n    <img decoding=\"async\" src=\"https:\/\/tulie.vn\/wp-content\/uploads\/2025\/07\/ADDJ-logo.png\" alt=\"ADDJ\">\n   \n  <\/div>\n<\/div>\n<br>\n<br>\n<!-- Logo ch\u1ea1y ng\u01b0\u1ee3c (ph\u1ea3i) -->\n<div class=\"marquee-container partner-marquee\">\n  <div class=\"marquee-content marquee-right\">\n    <img decoding=\"async\" src=\"https:\/\/namchefstudio.vn\/wp-content\/uploads\/2024\/01\/namchef-Asset-1.png\" alt=\"Namchef\">\n    <img decoding=\"async\" src=\"https:\/\/telic.vn\/wp-content\/uploads\/2025\/05\/telic-logo-1024x455.png\" alt=\"Telic\">\n    <img decoding=\"async\" src=\"https:\/\/i0.wp.com\/enspire.edu.vn\/wp-content\/uploads\/2023\/09\/logo.png?fit=197%2C89&#038;ssl=1\" alt=\"Enspire\">\n    <img decoding=\"async\" src=\"https:\/\/encrypted-tbn0.gstatic.com\/images?q=tbn:ANd9GcR0GivUGADgS43HA7OM_PbUbiMgJ1Y4u73WjA&#038;s\" alt=\"CHM\">\n    <img decoding=\"async\" src=\"https:\/\/upload.wikimedia.org\/wikipedia\/commons\/2\/25\/Logo_MB_new.png\" alt=\"MB\">\n    <img decoding=\"async\" src=\"https:\/\/vpphongha.com.vn\/wp-content\/uploads\/2021\/10\/6.10.9.png\" alt=\"Hong Ha\">\n    <img decoding=\"async\" src=\"https:\/\/tulie.vn\/wp-content\/uploads\/2025\/07\/soju.png\" alt=\"Soju\">\n    <img decoding=\"async\" src=\"https:\/\/sfsv.com.vn\/wp-content\/uploads\/2022\/02\/SFSV-Logo-e1645857716811.jpg\" alt=\"SFSV\">\n    <img decoding=\"async\" src=\"https:\/\/tulie.vn\/wp-content\/uploads\/2025\/07\/ADDJ-logo.png\" alt=\"ADDJ\">\n  \n    <!-- Nh\u00e2n \u0111\u00f4i \u0111\u1ec3 n\u1ed1i m\u1ea1ch -->\n    <img decoding=\"async\" src=\"https:\/\/namchefstudio.vn\/wp-content\/uploads\/2024\/01\/namchef-Asset-1.png\" alt=\"Namchef\">\n    <img decoding=\"async\" src=\"https:\/\/telic.vn\/wp-content\/uploads\/2025\/05\/telic-logo-1024x455.png\" alt=\"Telic\">\n     <img decoding=\"async\" src=\"https:\/\/i0.wp.com\/enspire.edu.vn\/wp-content\/uploads\/2023\/09\/logo.png?fit=197%2C89&#038;ssl=1\" alt=\"Enspire\">\n    <img decoding=\"async\" src=\"https:\/\/encrypted-tbn0.gstatic.com\/images?q=tbn:ANd9GcR0GivUGADgS43HA7OM_PbUbiMgJ1Y4u73WjA&#038;s\" alt=\"CHM\">\n    <img decoding=\"async\" src=\"https:\/\/upload.wikimedia.org\/wikipedia\/commons\/2\/25\/Logo_MB_new.png\" alt=\"MB duplicate\">\n    <img decoding=\"async\" src=\"https:\/\/vpphongha.com.vn\/wp-content\/uploads\/2021\/10\/6.10.9.png\" alt=\"Hong Ha duplicate\">\n    <img decoding=\"async\" src=\"https:\/\/tulie.vn\/wp-content\/uploads\/2025\/07\/soju.png\" alt=\"Soju duplicate\">\n    <img decoding=\"async\" src=\"https:\/\/sfsv.com.vn\/wp-content\/uploads\/2022\/02\/SFSV-Logo-e1645857716811.jpg\" alt=\"SFSV duplicate\">\n    <img decoding=\"async\" src=\"https:\/\/tulie.vn\/wp-content\/uploads\/2025\/07\/ADDJ-logo.png\" alt=\"ADDJ\">\n\n  <\/div>\n<\/div>\n\n<style>\n.marquee-container {\n  width: 100%;\n  overflow: hidden;\n  background: transparent;\n}\n.marquee-content {\n  display: flex;\n  width: max-content;\n}\n.partner-marquee img {\n  height: 80px;\n  margin: 0 40px;\n}\n.marquee-left {\n  animation: marqueeLeft 20s linear infinite;\n}\n.marquee-right {\n  animation: marqueeRight 20s linear infinite;\n}\n@keyframes marqueeLeft {\n  from { transform: translateX(0); }\n  to { transform: translateX(-50%); }\n}\n@keyframes marqueeRight {\n  from { transform: translateX(-50%); }\n  to { transform: translateX(0); }\n}\n<\/style>\n\n\t<div id=\"gap-768780523\" class=\"gap-element clearfix\" style=\"display:block; height:auto;\">\n\t\t\n<style>\n#gap-768780523 {\n  padding-top: 20px;\n}\n<\/style>\n\t<\/div>\n\t\n\n\t<div id=\"gap-2132837596\" class=\"gap-element clearfix\" style=\"display:block; height:auto;\">\n\t\t\n<style>\n#gap-2132837596 {\n  padding-top: 70px;\n}\n<\/style>\n\t<\/div>\n\t\n\n\n\t\t<\/div>\n\n\t\t\n<style>\n#section_982272819 {\n  padding-top: 30px;\n  padding-bottom: 30px;\n}\n<\/style>\n\t<\/section>\n\t\n\n","protected":false},"excerpt":{"rendered":"","protected":false},"author":1,"featured_media":0,"parent":0,"menu_order":0,"comment_status":"closed","ping_status":"closed","template":"page-blank.php","meta":{"footnotes":""},"class_list":["post-8","page","type-page","status-publish","hentry"],"_links":{"self":[{"href":"https:\/\/tulie.vn\/index.php\/wp-json\/wp\/v2\/pages\/8","targetHints":{"allow":["GET"]}}],"collection":[{"href":"https:\/\/tulie.vn\/index.php\/wp-json\/wp\/v2\/pages"}],"about":[{"href":"https:\/\/tulie.vn\/index.php\/wp-json\/wp\/v2\/types\/page"}],"author":[{"embeddable":true,"href":"https:\/\/tulie.vn\/index.php\/wp-json\/wp\/v2\/users\/1"}],"replies":[{"embeddable":true,"href":"https:\/\/tulie.vn\/index.php\/wp-json\/wp\/v2\/comments?post=8"}],"version-history":[{"count":85,"href":"https:\/\/tulie.vn\/index.php\/wp-json\/wp\/v2\/pages\/8\/revisions"}],"predecessor-version":[{"id":393,"href":"https:\/\/tulie.vn\/index.php\/wp-json\/wp\/v2\/pages\/8\/revisions\/393"}],"wp:attachment":[{"href":"https:\/\/tulie.vn\/index.php\/wp-json\/wp\/v2\/media?parent=8"}],"curies":[{"name":"wp","href":"https:\/\/api.w.org\/{rel}","templated":true}]}}