{"id":323,"date":"2025-06-30T19:26:42","date_gmt":"2025-06-30T19:26:42","guid":{"rendered":"https:\/\/tulie.vn\/?page_id=323"},"modified":"2025-07-02T11:07:59","modified_gmt":"2025-07-02T11:07:59","slug":"gioi-thieu","status":"publish","type":"page","link":"https:\/\/tulie.vn\/index.php\/gioi-thieu\/","title":{"rendered":"Gi\u1edbi thi\u1ec7u"},"content":{"rendered":"\n\n\n<section class=\"hero-tulie\">\n  <div class=\"hero-content\">\n\n    <div class=\"hero-heading-wrapper\">\n      <div class=\"hero-heading-inner\">\n        <h1 class=\"hero-heading\">\n          <span class=\"hero-word\">Shape<span class=\"dot\">.<\/span><\/span><br>\n          <span class=\"hero-word\">Create<span class=\"dot\">.<\/span><\/span><br>\n          <span class=\"hero-word\">Elevate<span class=\"dot\">.<\/span><\/span>\n        <\/h1>\n      <\/div>\n    <\/div>\n\n    <p class=\"slogan-text\" style=\"color: #c9eb03; font-weight: 700; font-size: 30px\">\n      H\u00e0nh tr\u00ecnh s\u00e1ng t\u1ea1o c\u1ee7a Tulie Agency\n    <\/p>\n\n  <\/div>\n<\/section>\n\n\n\t<section class=\"section\" id=\"section_32917124\">\n\t\t<div class=\"section-bg fill\" >\n\t\t\t\t\t\t\t\t\t\n\t\t\t\n\n\t\t<\/div>\n\n\t\t\n\n\t\t<div class=\"section-content relative\">\n\t\t\t\n\n<div class=\"row\"  id=\"row-774448344\">\n\n\n\t<div id=\"col-1881724406\" class=\"col medium-4 small-12 large-4\"  >\n\t\t\t\t<div class=\"col-inner\"  >\n\t\t\t\n\t\t\t\n\n\n\n<div>\n  <h2 style=\"font-family:'DFVN NeueKaine',sans-serif;font-size:48px;font-weight:900;line-height:1.1;margin:0;\">\n    <span style=\"color:#000066;\">Shape<\/span><span style=\"color:#c9eb03;\">.<\/span>\n  <\/h2>\n  <p style=\"font-family:'DFVN NeueKaine',sans-serif;font-size:24px;line-height:1;margin:8px 0 0;color:#c9eb03;font-weight:700;\">\n    \u0110\u1ecbnh h\u00ecnh th\u01b0\u01a1ng hi\u1ec7u\n  <\/p>\n<\/div>\n\n\n\t\t<\/div>\n\t\t\t\t\t<\/div>\n\n\t\n\n\t<div id=\"col-256480083\" class=\"col medium-8 small-12 large-8\"  >\n\t\t\t\t<div class=\"col-inner\"  >\n\t\t\t\n\t\t\t\n\n<p class=\"p1\"><span style=\"font-size: 110%;\">Tulie b\u1eaft \u0111\u1ea7u b\u1eb1ng vi\u1ec7c ph\u00e2n t\u00edch th\u1ecb tr\u01b0\u1eddng, nghi\u00ean c\u1ee9u \u0111\u1ed1i th\u1ee7 v\u00e0 h\u00e0nh vi kh\u00e1ch h\u00e0ng m\u1ee5c ti\u00eau \u0111\u1ec3 x\u00e2y d\u1ef1ng n\u1ec1n t\u1ea3ng chi\u1ebfn l\u01b0\u1ee3c th\u01b0\u01a1ng hi\u1ec7u kh\u00e1c bi\u1ec7t v\u00e0 r\u00f5 r\u00e0ng. Ch\u00fang t\u00f4i gi\u00fap doanh nghi\u1ec7p hi\u1ec3u r\u00f5 l\u1ee3i th\u1ebf c\u1ea1nh tranh, x\u00e1c \u0111\u1ecbnh \u0111\u00fang th\u00f4ng \u0111i\u1ec7p c\u1ea7n truy\u1ec1n t\u1ea3i v\u00e0 h\u00ecnh th\u00e0nh m\u1ed9t c\u00e2u chuy\u1ec7n th\u01b0\u01a1ng hi\u1ec7u h\u1ea5p d\u1eabn. Vi\u1ec7c \u0111\u1ecbnh h\u00ecnh th\u01b0\u01a1ng hi\u1ec7u kh\u00f4ng ch\u1ec9 d\u1eebng \u1edf vi\u1ec7c thi\u1ebft k\u1ebf logo, m\u00e0 c\u00f2n l\u00e0 vi\u1ec7c kh\u1eafc h\u1ecda gi\u00e1 tr\u1ecb c\u1ed1t l\u00f5i, s\u1ee9 m\u1ec7nh, t\u1ea7m nh\u00ecn v\u00e0 b\u1ea3n s\u1eafc ri\u00eang bi\u1ec7t c\u1ee7a doanh nghi\u1ec7p. \u201cShape\u201d l\u00e0 b\u01b0\u1edbc quan tr\u1ecdng gi\u00fap th\u01b0\u01a1ng hi\u1ec7u n\u1ed5i b\u1eadt gi\u1eefa \u0111\u00e1m \u0111\u00f4ng, t\u1ea1o d\u1ea5u \u1ea5n m\u1ea1nh m\u1ebd trong t\u00e2m tr\u00ed kh\u00e1ch h\u00e0ng. Tulie cam k\u1ebft \u0111\u1ed3ng h\u00e0nh c\u00f9ng b\u1ea1n t\u1eeb giai \u0111o\u1ea1n l\u00ean \u00fd t\u01b0\u1edfng, chi\u1ebfn l\u01b0\u1ee3c, \u0111\u1ebfn khi ho\u00e0n thi\u1ec7n b\u1ed9 nh\u1eadn di\u1ec7n, \u0111\u1ea3m b\u1ea3o th\u01b0\u01a1ng hi\u1ec7u nh\u1ea5t qu\u00e1n v\u00e0 b\u1ec1n v\u1eefng.<\/span><\/p>\n\n\t\t<\/div>\n\t\t\t\t\t<\/div>\n\n\t\n\n<\/div>\n<div class=\"row\"  id=\"row-1513555808\">\n\n\n\t<div id=\"col-1545501695\" class=\"col small-12 large-12\"  >\n\t\t\t\t<div class=\"col-inner\"  >\n\t\t\t\n\t\t\t\n\n<div class=\"is-divider divider clearfix\" style=\"max-width:100%;height:1px;\"><\/div>\n\n\n\t\t<\/div>\n\t\t\t\t\t<\/div>\n\n\t\n\n<\/div>\n<div class=\"row\"  id=\"row-802431791\">\n\n\n\t<div id=\"col-2098838361\" class=\"col medium-4 small-12 large-4\"  >\n\t\t\t\t<div class=\"col-inner\"  >\n\t\t\t\n\t\t\t\n\n\n\n<div>\n  <h2 style=\"font-family:'DFVN NeueKaine',sans-serif;font-size:48px;font-weight:900;line-height:1.1;margin:0;\">\n    <span style=\"color:#000066;\">Create<\/span><span style=\"color:#c9eb03;\">.<\/span>\n  <\/h2>\n  <p style=\"font-family:'DFVN NeueKaine',sans-serif;font-size:24px;line-height:1;margin:8px 0 0;color:#c9eb03;font-weight:700;\">\n    Hi\u1ec7n th\u1ef1c h\u00f3a \u00fd t\u01b0\u1edfng\n  <\/p>\n<\/div>\n\n\n\t\t<\/div>\n\t\t\t\t\t<\/div>\n\n\t\n\n\t<div id=\"col-738183726\" class=\"col medium-8 small-12 large-8\"  >\n\t\t\t\t<div class=\"col-inner\"  >\n\t\t\t\n\t\t\t\n\n<p class=\"p1\"><span style=\"font-size: 110%;\">T\u1ea1i Tulie, ch\u00fang t\u00f4i chuy\u1ec3n h\u00f3a \u00fd t\u01b0\u1edfng th\u00e0nh c\u00e1c s\u1ea3n ph\u1ea9m s\u00e1ng t\u1ea1o mang t\u00ednh \u0111\u1ed9t ph\u00e1, t\u1eeb logo, h\u1ec7 th\u1ed1ng nh\u1eadn di\u1ec7n, b\u1ed9 \u1ea5n ph\u1ea9m marketing \u0111\u1ebfn website v\u00e0 video qu\u1ea3ng b\u00e1. \u0110\u1ed9i ng\u0169 chuy\u00ean gia thi\u1ebft k\u1ebf, l\u1eadp tr\u00ecnh v\u00e0 s\u1ea3n xu\u1ea5t n\u1ed9i dung c\u1ee7a ch\u00fang t\u00f4i lu\u00f4n s\u1eb5n s\u00e0ng bi\u1ebfn t\u1ea7m nh\u00ecn chi\u1ebfn l\u01b0\u1ee3c th\u00e0nh nh\u1eefng \u1ea5n ph\u1ea9m chuy\u00ean nghi\u1ec7p, \u0111\u1eb9p m\u1eaft, \u0111\u1ed3ng th\u1eddi b\u00e1m s\u00e1t m\u1ee5c ti\u00eau kinh doanh. Ch\u00fang t\u00f4i k\u1ebft h\u1ee3p gi\u1eefa ngh\u1ec7 thu\u1eadt s\u00e1ng t\u1ea1o v\u00e0 t\u01b0 duy chi\u1ebfn l\u01b0\u1ee3c \u0111\u1ec3 m\u1ed7i thi\u1ebft k\u1ebf kh\u00f4ng ch\u1ec9 thu h\u00fat, m\u00e0 c\u00f2n th\u1ec3 hi\u1ec7n \u0111\u00fang tinh th\u1ea7n th\u01b0\u01a1ng hi\u1ec7u. \u201cCreate\u201d l\u00e0 qu\u00e1 tr\u00ecnh hi\u1ec7n th\u1ef1c h\u00f3a \u00fd t\u01b0\u1edfng th\u00e0nh c\u00e1c gi\u1ea3i ph\u00e1p hi\u1ec7u qu\u1ea3, gi\u00fap doanh nghi\u1ec7p x\u00e2y d\u1ef1ng h\u00ecnh \u1ea3nh chuy\u00ean nghi\u1ec7p, n\u00e2ng cao gi\u00e1 tr\u1ecb v\u00e0 t\u1ea1o ni\u1ec1m tin n\u01a1i kh\u00e1ch h\u00e0ng. M\u1ed7i s\u1ea3n ph\u1ea9m c\u1ee7a Tulie \u0111\u1ec1u \u0111\u01b0\u1ee3c ch\u0103m ch\u00fat t\u1ec9 m\u1ec9, th\u1ec3 hi\u1ec7n s\u1ef1 kh\u00e1c bi\u1ec7t v\u00e0 \u0111\u1eb3ng c\u1ea5p c\u1ee7a th\u01b0\u01a1ng hi\u1ec7u.<\/span><\/p>\n\n\t\t<\/div>\n\t\t\t\t\t<\/div>\n\n\t\n\n<\/div>\n<div class=\"row\"  id=\"row-481504407\">\n\n\n\t<div id=\"col-1807409213\" class=\"col small-12 large-12\"  >\n\t\t\t\t<div class=\"col-inner\"  >\n\t\t\t\n\t\t\t\n\n<div class=\"is-divider divider clearfix\" style=\"max-width:100%;height:1px;\"><\/div>\n\n\n\t\t<\/div>\n\t\t\t\t\t<\/div>\n\n\t\n\n<\/div>\n<div class=\"row\"  id=\"row-1010768475\">\n\n\n\t<div id=\"col-54564401\" class=\"col medium-4 small-12 large-4\"  >\n\t\t\t\t<div class=\"col-inner\"  >\n\t\t\t\n\t\t\t\n\n\n\n<div>\n  <h2 style=\"font-family:'DFVN NeueKaine',sans-serif;font-size:48px;font-weight:900;line-height:1.1;margin:0;\">\n    <span style=\"color:#000066;\">Elevate<\/span><span style=\"color:#c9eb03;\">.<\/span>\n  <\/h2>\n  <p style=\"font-family:'DFVN NeueKaine',sans-serif;font-size:24px;line-height:1;margin:8px 0 0;color:#c9eb03;font-weight:700;\">\n    N\u00e2ng t\u1ea7m th\u01b0\u01a1ng hi\u1ec7u\n  <\/p>\n<\/div>\n\n\n\t\t<\/div>\n\t\t\t\t\t<\/div>\n\n\t\n\n\t<div id=\"col-1610452913\" class=\"col medium-8 small-12 large-8\"  >\n\t\t\t\t<div class=\"col-inner\"  >\n\t\t\t\n\t\t\t\n\n<p class=\"p1\"><span style=\"font-size: 110%;\">Sau khi \u0111\u1ecbnh h\u00ecnh v\u00e0 s\u00e1ng t\u1ea1o, Tulie ti\u1ebfp t\u1ee5c \u0111\u1ed3ng h\u00e0nh \u0111\u1ec3 \u201cElevate\u201d \u2013 gi\u00fap th\u01b0\u01a1ng hi\u1ec7u ph\u00e1t tri\u1ec3n, ti\u1ebfp c\u1eadn nhi\u1ec1u kh\u00e1ch h\u00e0ng h\u01a1n v\u00e0 t\u0103ng tr\u01b0\u1edfng doanh thu b\u1ec1n v\u1eefng. Ch\u00fang t\u00f4i cung c\u1ea5p c\u00e1c gi\u1ea3i ph\u00e1p marketing t\u00edch h\u1ee3p nh\u01b0 SEO, qu\u1ea3ng c\u00e1o Google Ads, Facebook Ads, qu\u1ea3n tr\u1ecb m\u1ea1ng x\u00e3 h\u1ed9i, v\u00e0 tri\u1ec3n khai c\u00e1c chi\u1ebfn d\u1ecbch truy\u1ec1n th\u00f4ng \u0111a k\u00eanh nh\u1eb1m t\u1ed1i \u01b0u hi\u1ec7u qu\u1ea3 marketing. Tulie ch\u00fa tr\u1ecdng \u0111o l\u01b0\u1eddng, ph\u00e2n t\u00edch d\u1eef li\u1ec7u v\u00e0 t\u1ed1i \u01b0u ng\u00e2n s\u00e1ch \u0111\u1ec3 \u0111\u1ea3m b\u1ea3o hi\u1ec7u su\u1ea5t qu\u1ea3ng c\u00e1o cao nh\u1ea5t. B\u1eb1ng vi\u1ec7c duy tr\u00ec h\u00ecnh \u1ea3nh th\u01b0\u01a1ng hi\u1ec7u nh\u1ea5t qu\u00e1n v\u00e0 t\u1ea1o ra tr\u1ea3i nghi\u1ec7m kh\u00e1ch h\u00e0ng t\u1ed1t, ch\u00fang t\u00f4i gi\u00fap th\u01b0\u01a1ng hi\u1ec7u c\u1ee7a b\u1ea1n n\u1ed5i b\u1eadt, gia t\u0103ng gi\u00e1 tr\u1ecb, chi\u1ebfm l\u0129nh th\u1ecb tr\u01b0\u1eddng v\u00e0 x\u00e2y d\u1ef1ng l\u00f2ng tin l\u00e2u d\u00e0i. Tulie kh\u00f4ng ch\u1ec9 l\u00e0 \u0111\u01a1n v\u1ecb thi\u1ebft k\u1ebf, m\u00e0 l\u00e0 \u0111\u1ed1i t\u00e1c chi\u1ebfn l\u01b0\u1ee3c \u0111\u1ed3ng h\u00e0nh c\u00f9ng doanh nghi\u1ec7p chinh ph\u1ee5c m\u1ee5c ti\u00eau kinh doanh.<\/span><\/p>\n\n\t\t<\/div>\n\t\t\t\t\t<\/div>\n\n\t\n\n<\/div>\n\n\t\t<\/div>\n\n\t\t\n<style>\n#section_32917124 {\n  padding-top: 30px;\n  padding-bottom: 30px;\n}\n<\/style>\n\t<\/section>\n\t\n\n\t<section class=\"section\" id=\"section_497323175\">\n\t\t<div class=\"section-bg fill\" >\n\t\t\t\t\t\t\t\t\t\n\t\t\t\n\n\t\t<\/div>\n\n\t\t\n\n\t\t<div class=\"section-content relative\">\n\t\t\t\n\n<div class=\"row\"  id=\"row-1447736258\">\n\n\n\t<div id=\"col-854743913\" class=\"col small-12 large-12\"  >\n\t\t\t\t<div class=\"col-inner\"  >\n\t\t\t\n\t\t\t\n\n\t<div id=\"gap-1935118865\" class=\"gap-element clearfix\" style=\"display:block; height:auto;\">\n\t\t\n<style>\n#gap-1935118865 {\n  padding-top: 50px;\n}\n<\/style>\n\t<\/div>\n\t\n\n<h2 class=\"p1\" style=\"text-align: justify;\"><span style=\"color: #ffffff; font-size: 180%;\">T\u1ea1i Tulie Agency, ch\u00fang t\u00f4i tin v\u00e0o s\u1ee9c m\u1ea1nh c\u1ee7a s\u1ef1 s\u00e1ng t\u1ea1o v\u01b0\u1ee3t chu\u1ea9n. Ch\u00fang t\u00f4i kh\u00f4ng ch\u1ec9 thi\u1ebft k\u1ebf, m\u00e0 c\u00f2n \u0111\u1ecbnh h\u00ecnh b\u1ea3n s\u1eafc th\u01b0\u01a1ng hi\u1ec7u \u0111\u1ec3 b\u1ea1n n\u1ed5i b\u1eadt.<\/span><\/h2>\n\t<div id=\"gap-235945643\" class=\"gap-element clearfix\" style=\"display:block; height:auto;\">\n\t\t\n<style>\n#gap-235945643 {\n  padding-top: 20px;\n}\n<\/style>\n\t<\/div>\n\t\n\n<div class=\"is-divider divider clearfix\" style=\"max-width:100%;height:2px;background-color:#caeb03;\"><\/div>\n\n\t<div id=\"gap-71299521\" class=\"gap-element clearfix\" style=\"display:block; height:auto;\">\n\t\t\n<style>\n#gap-71299521 {\n  padding-top: 20px;\n}\n<\/style>\n\t<\/div>\n\t\n\n\t<div id=\"text-1272813706\" class=\"text\">\n\t\t\n\n<h2><span style=\"color: #ffffff; font-size: 140%;\">Con s\u1ed1 n\u00f3i v\u1ec1 Tulie Agency<\/span><\/h2>\n\t\t\n<style>\n#text-1272813706 {\n  text-align: center;\n}\n<\/style>\n\t<\/div>\n\t\n\t<div id=\"gap-82912540\" class=\"gap-element clearfix\" style=\"display:block; height:auto;\">\n\t\t\n<style>\n#gap-82912540 {\n  padding-top: 30px;\n}\n<\/style>\n\t<\/div>\n\t\n\n\n\n<div class=\"counter-container\">\n  <div class=\"counter-box\">\n    <div class=\"counter-number\" data-target=\"5\">0<\/div>\n    <div class=\"counter-label\">N\u0103m \u0111\u1ed3ng h\u00e0nh<\/div>\n  <\/div>\n\n  <div class=\"counter-box\">\n    <div class=\"counter-number\" data-target=\"280\">0<\/div>\n    <div class=\"counter-label\">D\u1ef1 \u00e1n \u0111\u00e3 tri\u1ec3n khai<\/div>\n  <\/div>\n\n  <div class=\"counter-box\">\n    <div class=\"counter-number\" data-target=\"500\">0<\/div>\n    <div class=\"counter-label\">S\u1ea3n ph\u1ea9m \u0111\u00e3 t\u1ea1o ra<\/div>\n  <\/div>\n\n  <div class=\"counter-box\">\n    <div class=\"counter-number\" data-target=\"100\">0<\/div>\n    <div class=\"counter-label\">Kh\u00e1ch h\u00e0ng h\u00e0i l\u00f2ng<\/div>\n  <\/div>\n<\/div>\n\n\n\t\t<\/div>\n\t\t\t\t\t<\/div>\n\n\t\n\n<\/div>\n\n\t\t<\/div>\n\n\t\t\n<style>\n#section_497323175 {\n  padding-top: 30px;\n  padding-bottom: 30px;\n  background-color: rgb(0, 0, 102);\n}\n<\/style>\n\t<\/section>\n\t\n\n\t<section class=\"section\" id=\"section_1794939403\">\n\t\t<div class=\"section-bg fill\" >\n\t\t\t\t\t\t\t\t\t\n\t\t\t\n\n\t\t<\/div>\n\n\t\t\n\n\t\t<div class=\"section-content relative\">\n\t\t\t\n\n\t<div id=\"gap-18766407\" class=\"gap-element clearfix\" style=\"display:block; height:auto;\">\n\t\t\n<style>\n#gap-18766407 {\n  padding-top: 50px;\n}\n<\/style>\n\t<\/div>\n\t\n\n\t<div id=\"text-2908076194\" class=\"text\">\n\t\t\n\n<h2><span style=\"font-size: 140%; color: #0009aa;\">\u0110\u1ed1i t\u00e1c &#038; kh\u00e1ch h\u00e0ng c\u1ee7a Tulie Agency<\/span><\/h2>\n\t\t\n<style>\n#text-2908076194 {\n  text-align: center;\n}\n<\/style>\n\t<\/div>\n\t\n\t<div id=\"gap-1477274601\" class=\"gap-element clearfix\" style=\"display:block; height:auto;\">\n\t\t\n<style>\n#gap-1477274601 {\n  padding-top: 20px;\n}\n<\/style>\n\t<\/div>\n\t\n\n\t<div id=\"gap-1998825588\" class=\"gap-element clearfix\" style=\"display:block; height:auto;\">\n\t\t\n<style>\n#gap-1998825588 {\n  padding-top: 20px;\n}\n<\/style>\n\t<\/div>\n\t\n\n\t<div id=\"gap-1654219559\" class=\"gap-element clearfix\" style=\"display:block; height:auto;\">\n\t\t\n<style>\n#gap-1654219559 {\n  padding-top: 50px;\n}\n<\/style>\n\t<\/div>\n\t\n\n\n\t\t<\/div>\n\n\t\t\n<style>\n#section_1794939403 {\n  padding-top: 30px;\n  padding-bottom: 30px;\n}\n<\/style>\n\t<\/section>\n\t\n\n","protected":false},"excerpt":{"rendered":"","protected":false},"author":1,"featured_media":0,"parent":0,"menu_order":0,"comment_status":"closed","ping_status":"closed","template":"page-blank.php","meta":{"footnotes":""},"class_list":["post-323","page","type-page","status-publish","hentry"],"_links":{"self":[{"href":"https:\/\/tulie.vn\/index.php\/wp-json\/wp\/v2\/pages\/323","targetHints":{"allow":["GET"]}}],"collection":[{"href":"https:\/\/tulie.vn\/index.php\/wp-json\/wp\/v2\/pages"}],"about":[{"href":"https:\/\/tulie.vn\/index.php\/wp-json\/wp\/v2\/types\/page"}],"author":[{"embeddable":true,"href":"https:\/\/tulie.vn\/index.php\/wp-json\/wp\/v2\/users\/1"}],"replies":[{"embeddable":true,"href":"https:\/\/tulie.vn\/index.php\/wp-json\/wp\/v2\/comments?post=323"}],"version-history":[{"count":6,"href":"https:\/\/tulie.vn\/index.php\/wp-json\/wp\/v2\/pages\/323\/revisions"}],"predecessor-version":[{"id":398,"href":"https:\/\/tulie.vn\/index.php\/wp-json\/wp\/v2\/pages\/323\/revisions\/398"}],"wp:attachment":[{"href":"https:\/\/tulie.vn\/index.php\/wp-json\/wp\/v2\/media?parent=323"}],"curies":[{"name":"wp","href":"https:\/\/api.w.org\/{rel}","templated":true}]}}